{"id":1455,"date":"2020-10-08T11:27:34","date_gmt":"2020-10-08T09:27:34","guid":{"rendered":"https:\/\/www.alpilles-avocats.com\/?page_id=1455"},"modified":"2020-11-12T18:42:45","modified_gmt":"2020-11-12T17:42:45","slug":"mentions-legales","status":"publish","type":"page","link":"https:\/\/www.alpilles-avocats.com\/fr_fr\/mentions-legales\/","title":{"rendered":"Mentions l\u00e9gales"},"content":{"rendered":"\t\t<div data-elementor-type=\"wp-page\" data-elementor-id=\"1455\" class=\"elementor elementor-1455\" data-elementor-post-type=\"page\">\n\t\t\t\t\t\t<section class=\"elementor-section elementor-top-section elementor-element elementor-element-1967b5a elementor-section-boxed elementor-section-height-default elementor-section-height-default\" data-id=\"1967b5a\" data-element_type=\"section\" data-e-type=\"section\">\n\t\t\t\t\t\t<div class=\"elementor-container elementor-column-gap-default\">\n\t\t\t\t\t<div class=\"elementor-column elementor-col-100 elementor-top-column elementor-element elementor-element-1f20d25\" data-id=\"1f20d25\" data-element_type=\"column\" data-e-type=\"column\">\n\t\t\t<div class=\"elementor-widget-wrap elementor-element-populated\">\n\t\t\t\t\t\t<div class=\"elementor-element elementor-element-f99f4bf elementor-widget elementor-widget-text-editor\" data-id=\"f99f4bf\" data-element_type=\"widget\" data-e-type=\"widget\" data-widget_type=\"text-editor.default\">\n\t\t\t\t<div class=\"elementor-widget-container\">\n\t\t\t\t\t\t\t\t\t<p><span style=\"color: var( --e-global-color-text ); font-family: var( --e-global-typography-text-font-family ); font-size: 1rem;\"><b>\u00a0<\/b><\/span><\/p><h4><b><i>Informations l\u00e9gales<\/i><\/b><\/h4><p><span style=\"color: var( --e-global-color-text ); font-family: var( --e-global-typography-text-font-family ); font-size: 1rem;\"><b>D\u00e9nomination sociale :<br \/><\/b><\/span><span style=\"color: var( --e-global-color-text ); font-family: var( --e-global-typography-text-font-family ); font-weight: var( --e-global-typography-text-font-weight ); font-size: 1rem;\">SELARL CLERGERIE SEMMEL SALA\u00dcN<br \/><\/span><span style=\"color: var( --e-global-color-text ); font-family: var( --e-global-typography-text-font-family ); font-weight: var( --e-global-typography-text-font-weight ); font-size: 1rem;\">capital de 20.000 \u20ac<\/span><\/p><p><b>Enseigne<\/b><strong> :\u00a0<br \/><\/strong><span style=\"color: var( --e-global-color-text ); font-family: var( --e-global-typography-text-font-family ); font-size: 1rem;\">Alpilles Avocats<\/span><\/p><div><b>Responsables de la publication :<\/b><br \/>Maitre Julien Semmel inscrit au barreau de N\u00eemes<br \/>Maitre Thomas Salaun\u00a0<span style=\"color: var( --e-global-color-text ); font-family: var( --e-global-typography-text-font-family ); font-size: 1rem;\">inscrit au barreau de Tarascon<\/span><span style=\"color: var( --e-global-color-text ); font-family: var( --e-global-typography-text-font-family ); font-size: 1rem;\"><br \/><\/span><span style=\"color: var( --e-global-color-text ); font-family: var( --e-global-typography-text-font-family ); font-size: 1rem;\"><br \/><\/span><\/div><p><span style=\"color: var( --e-global-color-text ); font-family: var( --e-global-typography-text-font-family ); font-size: 1rem;\"><b>Si\u00e8ge social<\/b><\/span><span style=\"color: var( --e-global-color-text ); font-family: var( --e-global-typography-text-font-family ); font-weight: var( --e-global-typography-text-font-weight ); font-size: 1rem;\"> :\u00a0<br \/><\/span><span style=\"color: var( --e-global-color-text ); font-family: var( --e-global-typography-text-font-family ); font-size: 1rem; font-weight: var( --e-global-typography-text-font-weight );\">ZA de la Gare \/ 5 Avenue de la 1\u00e8re DFL \u2013 13210 Saint-R\u00e9my-de-Provence<\/span><\/p><p><b>T\u00e9l\u00e9phone\u00a0<\/b><span style=\"color: var( --e-global-color-text ); font-family: var( --e-global-typography-text-font-family ); font-size: 1rem;\"><b>:<\/b><br \/><\/span><span style=\"color: var( --e-global-color-text ); font-family: var( --e-global-typography-text-font-family ); font-weight: var( --e-global-typography-text-font-weight ); font-size: 1rem;\">+33(0)490433865<\/span><\/p><p><b>Mail :\u00a0<\/b><br \/><a style=\"font-family: var( --e-global-typography-text-font-family ); background-color: #ffffff; font-size: 1rem;\" href=\"mailto:contact@alpilles-avocats.com\"><b>contact@alpilles-avocats.com<\/b><\/a><\/p><p><b>Immatriculation :<br \/><\/b><span style=\"color: var( --e-global-color-text ); font-family: var( --e-global-typography-text-font-family ); font-weight: var( --e-global-typography-text-font-weight ); font-size: 1rem;\">Immatriculation au Registre du commerce et des soci\u00e9t\u00e9s de TARASCON sous le num\u00e9ro : 508543857<br \/><\/span><span style=\"color: var( --e-global-color-text ); font-family: var( --e-global-typography-text-font-family ); font-size: 1rem; font-weight: var( --e-global-typography-text-font-weight );\">Code APE : 6910Z Activit\u00e9s juridiques<\/span><\/p><p><span style=\"color: var( --e-global-color-text ); font-family: var( --e-global-typography-text-font-family ); font-size: 1rem;\">N\u00b0TVA FR 63508543857<\/span><\/p><p><span style=\"color: var( --e-global-color-text ); font-family: var( --e-global-typography-text-font-family ); font-weight: var( --e-global-typography-text-font-weight ); font-size: 1rem;\">\u00a0<\/span><\/p><h4><i>Conception, d\u00e9veloppement, r\u00e9alisation graphique<\/i><\/h4><p><strong>ODYANCE<\/strong><br \/>ZA de la Gare \/ 5 Avenue de la 1\u00e8re DFL \u2013 13210 Saint-R\u00e9my-de-Provence<br \/>E-mail : <a href=\"mailto:contact@odyance.com\">contact@odyance.com<\/a><br \/>T\u00e9l. : +33 (0) 9 53 59 08 23<br \/><a title=\"Agence de communication ODYANCE\" href=\"http:\/\/odyance.com\/\" target=\"_blank\" rel=\"noopener\">www.odyance.com<\/a><\/p><p>\u00a0<\/p><h4><i>H\u00e9bergement<\/i><\/h4><p>Le Site est h\u00e9berg\u00e9 par la soci\u00e9t\u00e9 OVH,\u00a0<br \/><span style=\"color: var( --e-global-color-text ); font-family: var( --e-global-typography-text-font-family ); font-weight: var( --e-global-typography-text-font-weight ); font-size: 1rem;\">SAS au capital de 10 000 000 \u20ac \u2013 RCS Roubaix-Tourcoing\u00a0<br \/><\/span><span style=\"color: var( --e-global-color-text ); font-family: var( --e-global-typography-text-font-family ); font-weight: var( --e-global-typography-text-font-weight ); font-size: 1rem;\">424 761 419 00045 \u2013 Code APE 6202A<br \/><\/span><span style=\"color: var( --e-global-color-text ); font-family: var( --e-global-typography-text-font-family ); font-weight: var( --e-global-typography-text-font-weight ); font-size: 1rem;\">N\u00b0TVA FR 22-424-761-419-00045,\u00a0<br \/><\/span><span style=\"color: var( --e-global-color-text ); font-family: var( --e-global-typography-text-font-family ); font-size: 1rem; font-weight: var( --e-global-typography-text-font-weight );\">2 rue kellermann, BP 80157 \u2013 59053 ROUBAIX CEDEX 1 \u2013 France.<br \/><\/span><span style=\"color: var( --e-global-color-text ); font-family: var( --e-global-typography-text-font-family ); font-weight: var( --e-global-typography-text-font-weight ); font-size: 1rem;\">Hotline: 0 899 701 761<br \/><\/span><span style=\"color: var( --e-global-color-text ); font-family: var( --e-global-typography-text-font-family ); font-weight: var( --e-global-typography-text-font-weight ); font-size: 1rem;\">Email: support@ovh.com<\/span><\/p><div>\u00a0<\/div><h4><i>Copyright<\/i><\/h4><p>Tous les \u00e9l\u00e9ments du site <a href=\"http:\/\/alpilles-avocats.com\"><strong>alpilles-avocats.com<\/strong><\/a> sont la propri\u00e9t\u00e9 de <strong>Alpilles Avocats<\/strong> et de ce fait prot\u00e9g\u00e9s par les dispositions du Code la Propri\u00e9t\u00e9 intellectuelle, notamment au titre du droit d\u2019auteur. Par cons\u00e9quent, toute reproduction, modification, utilisation, adaptation, incorporation, traduction, commercialisation, partielle ou int\u00e9grale des \u00e9l\u00e9ments contenus dans ce site, sans l\u2019autorisation \u00e9crite pr\u00e9alable de <strong>Alpilles Avocats<\/strong>\u00a0est interdite.<\/p><h4><i>Conditions g\u00e9n\u00e9rales d\u2019utilisation du site<\/i><\/h4><p>1. Le pr\u00e9sent site ainsi que l\u2019ensemble de son contenu (et notamment les photos, logos, marques et information de toute nature qui y figurent) est prot\u00e9g\u00e9 par les dispositions du Code la Propri\u00e9t\u00e9 intellectuelle, notamment au titre du droit d\u2019auteur. <strong>Alpilles Avocats<\/strong>\u00a0conc\u00e8de aux internautes une simple autorisation de visualisation qui exclut notamment la r\u00e9utilisation de tout ou partie du contenu de ce site pour quelque cause que ce soit. L\u2019autorisation de reproduction n\u2019est conc\u00e9d\u00e9e que sous forme num\u00e9rique sur l\u2019ordinateur qui sert \u00e0 la consultation du site \u00e0 des fins de visualisation des pages consult\u00e9es par le logiciel de navigation de l\u2019internaute. Tous les droits de reproduction sont r\u00e9serv\u00e9s y compris pour les documents t\u00e9l\u00e9chargeable (logos, photos, catalogues, livrets, informations de toute nature ou autre\u2026). Les documents \u00e0 t\u00e9l\u00e9charger sont \u00e9galement prot\u00e9g\u00e9s par le droit d\u2019auteur.<\/p><p>2. La cr\u00e9ation d\u2019un lien hypertexte vers le site est autoris\u00e9e sans frame et exclusivement vers la page d\u2019accueil du site, sauf autorisation express pr\u00e9alable de l\u2019\u00e9diteur. L\u2019\u00e9diteur ne peut en aucun cas \u00eatre tenu pour responsable des informations diffus\u00e9es sur les sites avec lesquels des liens hypertexte auront \u00e9t\u00e9 install\u00e9s.<\/p><p>3. Toute utilisation de ce site non conforme aux points ci-dessus, sauf indication contraire pr\u00e9cis\u00e9e sur le site ou autorisation express pr\u00e9alable de l\u2019\u00e9diteur, est interdite et engage la responsabilit\u00e9 exclusive de son auteur.<\/p><p>4. En utilisant le pr\u00e9sent site l\u2019internaute accepte l\u2019int\u00e9gralit\u00e9 des conditions d\u2019utilisation d\u00e9taill\u00e9es ci-dessus. Tout litige r\u00e9sultant de l\u2019utilisation de ce site ou de la diffusion des informations qu\u2019il contient sera de la comp\u00e9tence exclusive des tribunaux de MARSEILLE faisant application de la loi fran\u00e7aisE<\/p>\t\t\t\t\t\t\t\t<\/div>\n\t\t\t\t<\/div>\n\t\t\t\t\t<\/div>\n\t\t<\/div>\n\t\t\t\t\t<\/div>\n\t\t<\/section>\n\t\t\t\t<\/div>\n\t\t","protected":false},"excerpt":{"rendered":"<p>\u00a0 Informations l\u00e9gales D\u00e9nomination sociale :SELARL CLERGERIE SEMMEL SALA\u00dcNcapital de 20.000 \u20ac Enseigne :\u00a0Alpilles Avocats Responsables de la publication :Maitre Julien Semmel inscrit au barreau de N\u00eemesMaitre Thomas Salaun\u00a0inscrit au barreau de Tarascon Si\u00e8ge social :\u00a0ZA de la Gare \/ 5 Avenue de la 1\u00e8re DFL \u2013 13210 Saint-R\u00e9my-de-Provence T\u00e9l\u00e9phone\u00a0:+33(0)490433865 Mail :\u00a0contact@alpilles-avocats.com Immatriculation :Immatriculation au [&hellip;]<\/p>\n","protected":false},"author":1,"featured_media":0,"parent":0,"menu_order":0,"comment_status":"closed","ping_status":"closed","template":"","meta":{"footnotes":""},"categories":[],"tags":[],"folder":[],"class_list":["post-1455","page","type-page","status-publish","hentry"],"yoast_head":"<!-- This site is optimized with the Yoast SEO plugin v27.4 - https:\/\/yoast.com\/product\/yoast-seo-wordpress\/ -->\n<title>Mentions l\u00e9gales - Alpilles Avocats<\/title>\n<meta name=\"robots\" content=\"index, follow, max-snippet:-1, max-image-preview:large, max-video-preview:-1\" \/>\n<link rel=\"canonical\" href=\"https:\/\/www.alpilles-avocats.com\/fr_fr\/mentions-legales\/\" \/>\n<meta property=\"og:locale\" content=\"fr_FR\" \/>\n<meta property=\"og:type\" content=\"article\" \/>\n<meta property=\"og:title\" content=\"Mentions l\u00e9gales - Alpilles Avocats\" \/>\n<meta property=\"og:description\" content=\"\u00a0 Informations l\u00e9gales D\u00e9nomination sociale :SELARL CLERGERIE SEMMEL SALA\u00dcNcapital de 20.000 \u20ac Enseigne :\u00a0Alpilles Avocats Responsables de la publication :Maitre Julien Semmel inscrit au barreau de N\u00eemesMaitre Thomas Salaun\u00a0inscrit au barreau de Tarascon Si\u00e8ge social :\u00a0ZA de la Gare \/ 5 Avenue de la 1\u00e8re DFL \u2013 13210 Saint-R\u00e9my-de-Provence T\u00e9l\u00e9phone\u00a0:+33(0)490433865 Mail :\u00a0contact@alpilles-avocats.com Immatriculation :Immatriculation au [&hellip;]\" \/>\n<meta property=\"og:url\" content=\"https:\/\/www.alpilles-avocats.com\/fr_fr\/mentions-legales\/\" \/>\n<meta property=\"og:site_name\" content=\"Alpilles Avocats\" \/>\n<meta property=\"article:modified_time\" content=\"2020-11-12T17:42:45+00:00\" \/>\n<meta name=\"twitter:card\" content=\"summary_large_image\" \/>\n<meta name=\"twitter:label1\" content=\"Dur\u00e9e de lecture estim\u00e9e\" \/>\n\t<meta name=\"twitter:data1\" content=\"3 minutes\" \/>\n<script type=\"application\/ld+json\" class=\"yoast-schema-graph\">{\"@context\":\"https:\\\/\\\/schema.org\",\"@graph\":[{\"@type\":\"WebPage\",\"@id\":\"https:\\\/\\\/www.alpilles-avocats.com\\\/fr_fr\\\/mentions-legales\\\/\",\"url\":\"https:\\\/\\\/www.alpilles-avocats.com\\\/fr_fr\\\/mentions-legales\\\/\",\"name\":\"Mentions l\u00e9gales - Alpilles Avocats\",\"isPartOf\":{\"@id\":\"https:\\\/\\\/www.alpilles-avocats.com\\\/fr_fr\\\/#website\"},\"datePublished\":\"2020-10-08T09:27:34+00:00\",\"dateModified\":\"2020-11-12T17:42:45+00:00\",\"breadcrumb\":{\"@id\":\"https:\\\/\\\/www.alpilles-avocats.com\\\/fr_fr\\\/mentions-legales\\\/#breadcrumb\"},\"inLanguage\":\"fr-FR\",\"potentialAction\":[{\"@type\":\"ReadAction\",\"target\":[\"https:\\\/\\\/www.alpilles-avocats.com\\\/fr_fr\\\/mentions-legales\\\/\"]}]},{\"@type\":\"BreadcrumbList\",\"@id\":\"https:\\\/\\\/www.alpilles-avocats.com\\\/fr_fr\\\/mentions-legales\\\/#breadcrumb\",\"itemListElement\":[{\"@type\":\"ListItem\",\"position\":1,\"name\":\"Accueil\",\"item\":\"https:\\\/\\\/www.alpilles-avocats.com\\\/\"},{\"@type\":\"ListItem\",\"position\":2,\"name\":\"Mentions l\u00e9gales\"}]},{\"@type\":\"WebSite\",\"@id\":\"https:\\\/\\\/www.alpilles-avocats.com\\\/fr_fr\\\/#website\",\"url\":\"https:\\\/\\\/www.alpilles-avocats.com\\\/fr_fr\\\/\",\"name\":\"Alpilles Avocats\",\"description\":\"avocats \u00e0 Saint R\u00e9my de Provence\",\"publisher\":{\"@id\":\"https:\\\/\\\/www.alpilles-avocats.com\\\/fr_fr\\\/#organization\"},\"potentialAction\":[{\"@type\":\"SearchAction\",\"target\":{\"@type\":\"EntryPoint\",\"urlTemplate\":\"https:\\\/\\\/www.alpilles-avocats.com\\\/fr_fr\\\/?s={search_term_string}\"},\"query-input\":{\"@type\":\"PropertyValueSpecification\",\"valueRequired\":true,\"valueName\":\"search_term_string\"}}],\"inLanguage\":\"fr-FR\"},{\"@type\":\"Organization\",\"@id\":\"https:\\\/\\\/www.alpilles-avocats.com\\\/fr_fr\\\/#organization\",\"name\":\"Alpilles Avocats\",\"url\":\"https:\\\/\\\/www.alpilles-avocats.com\\\/fr_fr\\\/\",\"logo\":{\"@type\":\"ImageObject\",\"inLanguage\":\"fr-FR\",\"@id\":\"https:\\\/\\\/www.alpilles-avocats.com\\\/fr_fr\\\/#\\\/schema\\\/logo\\\/image\\\/\",\"url\":\"https:\\\/\\\/www.alpilles-avocats.com\\\/wp-content\\\/uploads\\\/2023\\\/01\\\/cropped-Logo_long_new-transparent-1.png\",\"contentUrl\":\"https:\\\/\\\/www.alpilles-avocats.com\\\/wp-content\\\/uploads\\\/2023\\\/01\\\/cropped-Logo_long_new-transparent-1.png\",\"width\":\"856\",\"height\":\"245\",\"caption\":\"Alpilles Avocats\"},\"image\":{\"@id\":\"https:\\\/\\\/www.alpilles-avocats.com\\\/fr_fr\\\/#\\\/schema\\\/logo\\\/image\\\/\"}}]}<\/script>\n<!-- \/ Yoast SEO plugin. -->","yoast_head_json":{"title":"Mentions l\u00e9gales - Alpilles Avocats","robots":{"index":"index","follow":"follow","max-snippet":"max-snippet:-1","max-image-preview":"max-image-preview:large","max-video-preview":"max-video-preview:-1"},"canonical":"https:\/\/www.alpilles-avocats.com\/fr_fr\/mentions-legales\/","og_locale":"fr_FR","og_type":"article","og_title":"Mentions l\u00e9gales - Alpilles Avocats","og_description":"\u00a0 Informations l\u00e9gales D\u00e9nomination sociale :SELARL CLERGERIE SEMMEL SALA\u00dcNcapital de 20.000 \u20ac Enseigne :\u00a0Alpilles Avocats Responsables de la publication :Maitre Julien Semmel inscrit au barreau de N\u00eemesMaitre Thomas Salaun\u00a0inscrit au barreau de Tarascon Si\u00e8ge social :\u00a0ZA de la Gare \/ 5 Avenue de la 1\u00e8re DFL \u2013 13210 Saint-R\u00e9my-de-Provence T\u00e9l\u00e9phone\u00a0:+33(0)490433865 Mail :\u00a0contact@alpilles-avocats.com Immatriculation :Immatriculation au [&hellip;]","og_url":"https:\/\/www.alpilles-avocats.com\/fr_fr\/mentions-legales\/","og_site_name":"Alpilles Avocats","article_modified_time":"2020-11-12T17:42:45+00:00","twitter_card":"summary_large_image","twitter_misc":{"Dur\u00e9e de lecture estim\u00e9e":"3 minutes"},"schema":{"@context":"https:\/\/schema.org","@graph":[{"@type":"WebPage","@id":"https:\/\/www.alpilles-avocats.com\/fr_fr\/mentions-legales\/","url":"https:\/\/www.alpilles-avocats.com\/fr_fr\/mentions-legales\/","name":"Mentions l\u00e9gales - Alpilles Avocats","isPartOf":{"@id":"https:\/\/www.alpilles-avocats.com\/fr_fr\/#website"},"datePublished":"2020-10-08T09:27:34+00:00","dateModified":"2020-11-12T17:42:45+00:00","breadcrumb":{"@id":"https:\/\/www.alpilles-avocats.com\/fr_fr\/mentions-legales\/#breadcrumb"},"inLanguage":"fr-FR","potentialAction":[{"@type":"ReadAction","target":["https:\/\/www.alpilles-avocats.com\/fr_fr\/mentions-legales\/"]}]},{"@type":"BreadcrumbList","@id":"https:\/\/www.alpilles-avocats.com\/fr_fr\/mentions-legales\/#breadcrumb","itemListElement":[{"@type":"ListItem","position":1,"name":"Accueil","item":"https:\/\/www.alpilles-avocats.com\/"},{"@type":"ListItem","position":2,"name":"Mentions l\u00e9gales"}]},{"@type":"WebSite","@id":"https:\/\/www.alpilles-avocats.com\/fr_fr\/#website","url":"https:\/\/www.alpilles-avocats.com\/fr_fr\/","name":"Alpilles Avocats","description":"avocats \u00e0 Saint R\u00e9my de Provence","publisher":{"@id":"https:\/\/www.alpilles-avocats.com\/fr_fr\/#organization"},"potentialAction":[{"@type":"SearchAction","target":{"@type":"EntryPoint","urlTemplate":"https:\/\/www.alpilles-avocats.com\/fr_fr\/?s={search_term_string}"},"query-input":{"@type":"PropertyValueSpecification","valueRequired":true,"valueName":"search_term_string"}}],"inLanguage":"fr-FR"},{"@type":"Organization","@id":"https:\/\/www.alpilles-avocats.com\/fr_fr\/#organization","name":"Alpilles Avocats","url":"https:\/\/www.alpilles-avocats.com\/fr_fr\/","logo":{"@type":"ImageObject","inLanguage":"fr-FR","@id":"https:\/\/www.alpilles-avocats.com\/fr_fr\/#\/schema\/logo\/image\/","url":"https:\/\/www.alpilles-avocats.com\/wp-content\/uploads\/2023\/01\/cropped-Logo_long_new-transparent-1.png","contentUrl":"https:\/\/www.alpilles-avocats.com\/wp-content\/uploads\/2023\/01\/cropped-Logo_long_new-transparent-1.png","width":"856","height":"245","caption":"Alpilles Avocats"},"image":{"@id":"https:\/\/www.alpilles-avocats.com\/fr_fr\/#\/schema\/logo\/image\/"}}]}},"_links":{"self":[{"href":"https:\/\/www.alpilles-avocats.com\/fr_fr\/wp-json\/wp\/v2\/pages\/1455","targetHints":{"allow":["GET"]}}],"collection":[{"href":"https:\/\/www.alpilles-avocats.com\/fr_fr\/wp-json\/wp\/v2\/pages"}],"about":[{"href":"https:\/\/www.alpilles-avocats.com\/fr_fr\/wp-json\/wp\/v2\/types\/page"}],"author":[{"embeddable":true,"href":"https:\/\/www.alpilles-avocats.com\/fr_fr\/wp-json\/wp\/v2\/users\/1"}],"replies":[{"embeddable":true,"href":"https:\/\/www.alpilles-avocats.com\/fr_fr\/wp-json\/wp\/v2\/comments?post=1455"}],"version-history":[{"count":0,"href":"https:\/\/www.alpilles-avocats.com\/fr_fr\/wp-json\/wp\/v2\/pages\/1455\/revisions"}],"wp:attachment":[{"href":"https:\/\/www.alpilles-avocats.com\/fr_fr\/wp-json\/wp\/v2\/media?parent=1455"}],"wp:term":[{"taxonomy":"category","embeddable":true,"href":"https:\/\/www.alpilles-avocats.com\/fr_fr\/wp-json\/wp\/v2\/categories?post=1455"},{"taxonomy":"post_tag","embeddable":true,"href":"https:\/\/www.alpilles-avocats.com\/fr_fr\/wp-json\/wp\/v2\/tags?post=1455"},{"taxonomy":"folder","embeddable":true,"href":"https:\/\/www.alpilles-avocats.com\/fr_fr\/wp-json\/wp\/v2\/folder?post=1455"}],"curies":[{"name":"wp","href":"https:\/\/api.w.org\/{rel}","templated":true}]}}