{"id":933,"date":"2020-09-03T22:28:37","date_gmt":"2020-09-03T20:28:37","guid":{"rendered":"https:\/\/www.alpilles-avocats.com\/?page_id=933"},"modified":"2020-09-28T15:16:53","modified_gmt":"2020-09-28T13:16:53","slug":"ventes-aux-encheres","status":"publish","type":"page","link":"https:\/\/www.alpilles-avocats.com\/fr_fr\/nos-competences\/ventes-aux-encheres\/","title":{"rendered":"VENTES AUX ENCHERES"},"content":{"rendered":"\t\t<div data-elementor-type=\"wp-page\" data-elementor-id=\"933\" class=\"elementor elementor-933\" data-elementor-post-type=\"page\">\n\t\t\t\t\t\t<section class=\"elementor-section elementor-top-section elementor-element elementor-element-1712ce91 elementor-section-height-min-height elementor-section-items-stretch elementor-section-content-bottom elementor-section-boxed elementor-section-height-default\" data-id=\"1712ce91\" data-element_type=\"section\" data-e-type=\"section\">\n\t\t\t\t\t\t<div class=\"elementor-container elementor-column-gap-narrow\">\n\t\t\t\t\t<div class=\"elementor-column elementor-col-50 elementor-top-column elementor-element elementor-element-1a9bd0db\" data-id=\"1a9bd0db\" data-element_type=\"column\" data-e-type=\"column\" data-settings=\"{&quot;background_background&quot;:&quot;classic&quot;}\">\n\t\t\t<div class=\"elementor-widget-wrap elementor-element-populated\">\n\t\t\t\t\t\t<div class=\"elementor-element elementor-element-34278d97 elementor-widget elementor-widget-heading\" data-id=\"34278d97\" data-element_type=\"widget\" data-e-type=\"widget\" data-widget_type=\"heading.default\">\n\t\t\t\t<div class=\"elementor-widget-container\">\n\t\t\t\t\t<h1 class=\"elementor-heading-title elementor-size-default\">VENTES AUX ENCHERES<\/h1>\t\t\t\t<\/div>\n\t\t\t\t<\/div>\n\t\t\t\t<div class=\"elementor-element elementor-element-015a63d elementor-widget elementor-widget-text-editor\" data-id=\"015a63d\" data-element_type=\"widget\" data-e-type=\"widget\" data-widget_type=\"text-editor.default\">\n\t\t\t\t<div class=\"elementor-widget-container\">\n\t\t\t\t\t\t\t\t\t<p>Toute personne qui d\u00e9sire acheter un bien immobilier \u00e0 la barre d\u2019un Tribunal doit prendre contact avec un Avocat afin de le repr\u00e9senter lors de l\u2019audience d\u2019adjudication.<\/p><p>En effet, le concours d\u2019un avocat inscrit au Barreau du Tribunal est n\u00e9cessaire pour pouvoir ench\u00e9rir, et le cas \u00e9ch\u00e9ant, se porter acqu\u00e9reur d\u2019un bien vendu aux ench\u00e8res.<\/p><p>Fort de sa double implantation, le cabinet ALPILLES AVOCATS peut ench\u00e9rir pour vous pour tous les biens vendus aux ench\u00e8res dans les ressorts des Tribunaux de Tarascon et de N\u00eemes.<\/p><p>Les biens immobiliers vendus aux ench\u00e8res prochainement sont consultables sur les sites internet suivants\u00a0:<\/p><ul><li>Ventes aux ench\u00e8res de <span style=\"color: #ffffff;\"><a style=\"color: #ffffff;\" href=\"https:\/\/www.avocats-tarascon.com\/ventes-judiciaires.html\" target=\"_blank\" rel=\"noopener\"><u>TARASCON<\/u><\/a><\/span><\/li><li>Ventes aux ench\u00e8res de <span style=\"color: #ffffff;\"><a style=\"color: #ffffff;\" href=\"https:\/\/www.avocats-nimes.org\/\" target=\"_blank\" rel=\"noopener\"><u>NIMES<\/u><\/a><\/span><\/li><\/ul>\t\t\t\t\t\t\t\t<\/div>\n\t\t\t\t<\/div>\n\t\t\t\t\t<\/div>\n\t\t<\/div>\n\t\t\t\t<div class=\"elementor-column elementor-col-25 elementor-top-column elementor-element elementor-element-8029dbf\" data-id=\"8029dbf\" data-element_type=\"column\" data-e-type=\"column\">\n\t\t\t<div class=\"elementor-widget-wrap elementor-element-populated\">\n\t\t\t\t\t\t<div class=\"elementor-element elementor-element-85d3155 elementor-widget elementor-widget-image\" data-id=\"85d3155\" data-element_type=\"widget\" data-e-type=\"widget\" data-widget_type=\"image.default\">\n\t\t\t\t<div class=\"elementor-widget-container\">\n\t\t\t\t\t\t\t\t\t\t\t\t\t\t\t<img fetchpriority=\"high\" decoding=\"async\" width=\"1920\" height=\"1440\" src=\"https:\/\/www.alpilles-avocats.com\/wp-content\/uploads\/2020\/09\/judge-1587300_1920.jpg\" class=\"attachment-full size-full wp-image-935\" alt=\"\" srcset=\"https:\/\/www.alpilles-avocats.com\/wp-content\/uploads\/2020\/09\/judge-1587300_1920.jpg 1920w, https:\/\/www.alpilles-avocats.com\/wp-content\/uploads\/2020\/09\/judge-1587300_1920-300x225.jpg 300w, https:\/\/www.alpilles-avocats.com\/wp-content\/uploads\/2020\/09\/judge-1587300_1920-1024x768.jpg 1024w, https:\/\/www.alpilles-avocats.com\/wp-content\/uploads\/2020\/09\/judge-1587300_1920-768x576.jpg 768w, https:\/\/www.alpilles-avocats.com\/wp-content\/uploads\/2020\/09\/judge-1587300_1920-1536x1152.jpg 1536w\" sizes=\"(max-width: 1920px) 100vw, 1920px\" \/>\t\t\t\t\t\t\t\t\t\t\t\t\t\t\t<\/div>\n\t\t\t\t<\/div>\n\t\t\t\t\t<\/div>\n\t\t<\/div>\n\t\t\t\t<div class=\"elementor-column elementor-col-25 elementor-top-column elementor-element elementor-element-69b08eb5\" data-id=\"69b08eb5\" data-element_type=\"column\" data-e-type=\"column\">\n\t\t\t<div class=\"elementor-widget-wrap elementor-element-populated\">\n\t\t\t\t\t\t<div class=\"elementor-element elementor-element-61a33809 elementor-widget-mobile__width-initial animated-slow elementor-widget-tablet__width-initial elementor-hidden-phone elementor-invisible elementor-widget elementor-widget-spacer\" data-id=\"61a33809\" data-element_type=\"widget\" data-e-type=\"widget\" data-settings=\"{&quot;_animation&quot;:&quot;fadeInRight&quot;}\" data-widget_type=\"spacer.default\">\n\t\t\t\t<div class=\"elementor-widget-container\">\n\t\t\t\t\t\t\t<div class=\"elementor-spacer\">\n\t\t\t<div class=\"elementor-spacer-inner\"><\/div>\n\t\t<\/div>\n\t\t\t\t\t\t<\/div>\n\t\t\t\t<\/div>\n\t\t\t\t\t<\/div>\n\t\t<\/div>\n\t\t\t\t\t<\/div>\n\t\t<\/section>\n\t\t\t\t<section class=\"elementor-section elementor-top-section elementor-element elementor-element-103dc6e elementor-section-boxed elementor-section-height-default elementor-section-height-default\" data-id=\"103dc6e\" data-element_type=\"section\" data-e-type=\"section\">\n\t\t\t\t\t\t<div class=\"elementor-container elementor-column-gap-default\">\n\t\t\t\t\t<div class=\"elementor-column elementor-col-50 elementor-top-column elementor-element elementor-element-1a0bf88\" data-id=\"1a0bf88\" data-element_type=\"column\" data-e-type=\"column\">\n\t\t\t<div class=\"elementor-widget-wrap elementor-element-populated\">\n\t\t\t\t\t\t<div class=\"elementor-element elementor-element-90da44a elementor-align-center elementor-widget elementor-widget-button\" data-id=\"90da44a\" data-element_type=\"widget\" data-e-type=\"widget\" data-widget_type=\"button.default\">\n\t\t\t\t<div class=\"elementor-widget-container\">\n\t\t\t\t\t\t\t\t\t<div class=\"elementor-button-wrapper\">\n\t\t\t\t\t<a class=\"elementor-button elementor-button-link elementor-size-sm\" href=\"#elementor-action%3Aaction%3Dpopup%3Aopen%26settings%3DeyJpZCI6IjYwNiIsInRvZ2dsZSI6ZmFsc2V9\">\n\t\t\t\t\t\t<span class=\"elementor-button-content-wrapper\">\n\t\t\t\t\t\t\t\t\t<span class=\"elementor-button-text\">Faites appel \u00e0 un avocat<BR>pour participer aux ench\u00e8res de N\u00eemes et Tarascon\u200b<\/span>\n\t\t\t\t\t<\/span>\n\t\t\t\t\t<\/a>\n\t\t\t\t<\/div>\n\t\t\t\t\t\t\t\t<\/div>\n\t\t\t\t<\/div>\n\t\t\t\t\t<\/div>\n\t\t<\/div>\n\t\t\t\t<div class=\"elementor-column elementor-col-50 elementor-top-column elementor-element elementor-element-76b5ede\" data-id=\"76b5ede\" data-element_type=\"column\" data-e-type=\"column\">\n\t\t\t<div class=\"elementor-widget-wrap\">\n\t\t\t\t\t\t\t<\/div>\n\t\t<\/div>\n\t\t\t\t\t<\/div>\n\t\t<\/section>\n\t\t\t\t<section class=\"elementor-section elementor-top-section elementor-element elementor-element-e6d74ae elementor-section-boxed elementor-section-height-default elementor-section-height-default\" data-id=\"e6d74ae\" data-element_type=\"section\" data-e-type=\"section\">\n\t\t\t\t\t\t<div class=\"elementor-container elementor-column-gap-default\">\n\t\t\t\t\t<div class=\"elementor-column elementor-col-100 elementor-top-column elementor-element elementor-element-4395e70\" data-id=\"4395e70\" data-element_type=\"column\" data-e-type=\"column\">\n\t\t\t<div class=\"elementor-widget-wrap elementor-element-populated\">\n\t\t\t\t\t\t<div class=\"elementor-element elementor-element-c5f79cc elementor-widget-divider--separator-type-pattern elementor-widget-divider--view-line elementor-widget elementor-widget-global elementor-global-1344 elementor-widget-divider\" data-id=\"c5f79cc\" data-element_type=\"widget\" data-e-type=\"widget\" data-widget_type=\"divider.default\">\n\t\t\t\t<div class=\"elementor-widget-container\">\n\t\t\t\t\t\t\t<div class=\"elementor-divider\" style=\"--divider-pattern-url: url(&quot;data:image\/svg+xml,%3Csvg xmlns=&#039;http:\/\/www.w3.org\/2000\/svg&#039; preserveAspectRatio=&#039;none&#039; overflow=&#039;visible&#039; height=&#039;100%&#039; viewBox=&#039;0 0 20 16&#039; fill=&#039;none&#039; stroke=&#039;black&#039; stroke-width=&#039;1&#039; stroke-linecap=&#039;square&#039; stroke-miterlimit=&#039;10&#039;%3E%3Cg transform=&#039;translate(-12.000000, 0)&#039;%3E%3Cpath d=&#039;M28,0L10,18&#039;\/%3E%3Cpath d=&#039;M18,0L0,18&#039;\/%3E%3Cpath d=&#039;M48,0L30,18&#039;\/%3E%3Cpath d=&#039;M38,0L20,18&#039;\/%3E%3C\/g%3E%3C\/svg%3E&quot;);\">\n\t\t\t<span class=\"elementor-divider-separator\">\n\t\t\t\t\t\t<\/span>\n\t\t<\/div>\n\t\t\t\t\t\t<\/div>\n\t\t\t\t<\/div>\n\t\t\t\t\t<\/div>\n\t\t<\/div>\n\t\t\t\t\t<\/div>\n\t\t<\/section>\n\t\t\t\t<section class=\"elementor-section elementor-top-section elementor-element elementor-element-73b0af1 elementor-section-boxed elementor-section-height-default elementor-section-height-default\" data-id=\"73b0af1\" data-element_type=\"section\" data-e-type=\"section\">\n\t\t\t\t\t\t<div class=\"elementor-container elementor-column-gap-default\">\n\t\t\t\t\t<div class=\"elementor-column elementor-col-100 elementor-top-column elementor-element elementor-element-31e54f6\" data-id=\"31e54f6\" data-element_type=\"column\" data-e-type=\"column\">\n\t\t\t<div class=\"elementor-widget-wrap elementor-element-populated\">\n\t\t\t\t\t\t<div class=\"elementor-element elementor-element-7b99f27 elementor-post-navigation-borders-yes elementor-widget elementor-widget-global elementor-global-1055 elementor-widget-post-navigation\" data-id=\"7b99f27\" data-element_type=\"widget\" data-e-type=\"widget\" data-widget_type=\"post-navigation.default\">\n\t\t\t\t<div class=\"elementor-widget-container\">\n\t\t\t\t\t\t\t<div class=\"elementor-post-navigation\" role=\"navigation\" aria-label=\"Navigation de publication\">\n\t\t\t<div class=\"elementor-post-navigation__prev elementor-post-navigation__link\">\n\t\t\t\t<a href=\"https:\/\/www.alpilles-avocats.com\/fr_fr\/nos-competences\/prejudice-corporel\/\" rel=\"prev\"><span class=\"post-navigation__arrow-wrapper post-navigation__arrow-prev\"><i aria-hidden=\"true\" class=\"fas fa-angle-left\"><\/i><span class=\"elementor-screen-only\">Pr\u00e9c\u00e9dent<\/span><\/span><span class=\"elementor-post-navigation__link__prev\"><span class=\"post-navigation__prev--label\">Pr\u00e9c\u00e9dent<\/span><span class=\"post-navigation__prev--title\">PREJUDICE CORPOREL<\/span><\/span><\/a>\t\t\t<\/div>\n\t\t\t\t\t\t\t<div class=\"elementor-post-navigation__separator-wrapper\">\n\t\t\t\t\t<div class=\"elementor-post-navigation__separator\"><\/div>\n\t\t\t\t<\/div>\n\t\t\t\t\t\t<div class=\"elementor-post-navigation__next elementor-post-navigation__link\">\n\t\t\t\t<a href=\"https:\/\/www.alpilles-avocats.com\/fr_fr\/nos-competences\/mandataire-en-transaction-immobiliere\/\" rel=\"next\"><span class=\"elementor-post-navigation__link__next\"><span class=\"post-navigation__next--label\">Suivant<\/span><span class=\"post-navigation__next--title\">MANDATAIRE EN TRANSACTION IMMOBILIERE<\/span><\/span><span class=\"post-navigation__arrow-wrapper post-navigation__arrow-next\"><i aria-hidden=\"true\" class=\"fas fa-angle-right\"><\/i><span class=\"elementor-screen-only\">Suivant<\/span><\/span><\/a>\t\t\t<\/div>\n\t\t<\/div>\n\t\t\t\t\t\t<\/div>\n\t\t\t\t<\/div>\n\t\t\t\t\t<\/div>\n\t\t<\/div>\n\t\t\t\t\t<\/div>\n\t\t<\/section>\n\t\t\t\t<\/div>\n\t\t","protected":false},"excerpt":{"rendered":"<p>VENTES AUX ENCHERES Toute personne qui d\u00e9sire acheter un bien immobilier \u00e0 la barre d\u2019un Tribunal doit prendre contact avec un Avocat afin de le repr\u00e9senter lors de l\u2019audience d\u2019adjudication. En effet, le concours d\u2019un avocat inscrit au Barreau du Tribunal est n\u00e9cessaire pour pouvoir ench\u00e9rir, et le cas \u00e9ch\u00e9ant, se porter acqu\u00e9reur d\u2019un bien [&hellip;]<\/p>\n","protected":false},"author":1,"featured_media":0,"parent":52,"menu_order":0,"comment_status":"closed","ping_status":"closed","template":"elementor_header_footer","meta":{"footnotes":""},"categories":[18],"tags":[],"folder":[23],"class_list":["post-933","page","type-page","status-publish","hentry","category-ventes-aux-encheres"],"yoast_head":"<!-- This site is optimized with the Yoast SEO plugin v27.4 - https:\/\/yoast.com\/product\/yoast-seo-wordpress\/ -->\n<title>VENTES AUX ENCHERES - Alpilles Avocats<\/title>\n<meta name=\"robots\" content=\"index, follow, max-snippet:-1, max-image-preview:large, max-video-preview:-1\" \/>\n<link rel=\"canonical\" href=\"https:\/\/www.alpilles-avocats.com\/fr_fr\/nos-competences\/ventes-aux-encheres\/\" \/>\n<meta property=\"og:locale\" content=\"fr_FR\" \/>\n<meta property=\"og:type\" content=\"article\" \/>\n<meta property=\"og:title\" content=\"VENTES AUX ENCHERES - Alpilles Avocats\" \/>\n<meta property=\"og:description\" content=\"VENTES AUX ENCHERES Toute personne qui d\u00e9sire acheter un bien immobilier \u00e0 la barre d\u2019un Tribunal doit prendre contact avec un Avocat afin de le repr\u00e9senter lors de l\u2019audience d\u2019adjudication. En effet, le concours d\u2019un avocat inscrit au Barreau du Tribunal est n\u00e9cessaire pour pouvoir ench\u00e9rir, et le cas \u00e9ch\u00e9ant, se porter acqu\u00e9reur d\u2019un bien [&hellip;]\" \/>\n<meta property=\"og:url\" content=\"https:\/\/www.alpilles-avocats.com\/fr_fr\/nos-competences\/ventes-aux-encheres\/\" \/>\n<meta property=\"og:site_name\" content=\"Alpilles Avocats\" \/>\n<meta property=\"article:modified_time\" content=\"2020-09-28T13:16:53+00:00\" \/>\n<meta property=\"og:image\" content=\"https:\/\/www.alpilles-avocats.com\/wp-content\/uploads\/2020\/09\/judge-1587300_1920.jpg\" \/>\n<meta name=\"twitter:card\" content=\"summary_large_image\" \/>\n<meta name=\"twitter:label1\" content=\"Dur\u00e9e de lecture estim\u00e9e\" \/>\n\t<meta name=\"twitter:data1\" content=\"1 minute\" \/>\n<script type=\"application\/ld+json\" class=\"yoast-schema-graph\">{\"@context\":\"https:\\\/\\\/schema.org\",\"@graph\":[{\"@type\":\"WebPage\",\"@id\":\"https:\\\/\\\/www.alpilles-avocats.com\\\/fr_fr\\\/nos-competences\\\/ventes-aux-encheres\\\/\",\"url\":\"https:\\\/\\\/www.alpilles-avocats.com\\\/fr_fr\\\/nos-competences\\\/ventes-aux-encheres\\\/\",\"name\":\"VENTES AUX ENCHERES - Alpilles Avocats\",\"isPartOf\":{\"@id\":\"https:\\\/\\\/www.alpilles-avocats.com\\\/fr_fr\\\/#website\"},\"primaryImageOfPage\":{\"@id\":\"https:\\\/\\\/www.alpilles-avocats.com\\\/fr_fr\\\/nos-competences\\\/ventes-aux-encheres\\\/#primaryimage\"},\"image\":{\"@id\":\"https:\\\/\\\/www.alpilles-avocats.com\\\/fr_fr\\\/nos-competences\\\/ventes-aux-encheres\\\/#primaryimage\"},\"thumbnailUrl\":\"https:\\\/\\\/www.alpilles-avocats.com\\\/wp-content\\\/uploads\\\/2020\\\/09\\\/judge-1587300_1920.jpg\",\"datePublished\":\"2020-09-03T20:28:37+00:00\",\"dateModified\":\"2020-09-28T13:16:53+00:00\",\"breadcrumb\":{\"@id\":\"https:\\\/\\\/www.alpilles-avocats.com\\\/fr_fr\\\/nos-competences\\\/ventes-aux-encheres\\\/#breadcrumb\"},\"inLanguage\":\"fr-FR\",\"potentialAction\":[{\"@type\":\"ReadAction\",\"target\":[\"https:\\\/\\\/www.alpilles-avocats.com\\\/fr_fr\\\/nos-competences\\\/ventes-aux-encheres\\\/\"]}]},{\"@type\":\"ImageObject\",\"inLanguage\":\"fr-FR\",\"@id\":\"https:\\\/\\\/www.alpilles-avocats.com\\\/fr_fr\\\/nos-competences\\\/ventes-aux-encheres\\\/#primaryimage\",\"url\":\"https:\\\/\\\/www.alpilles-avocats.com\\\/wp-content\\\/uploads\\\/2020\\\/09\\\/judge-1587300_1920.jpg\",\"contentUrl\":\"https:\\\/\\\/www.alpilles-avocats.com\\\/wp-content\\\/uploads\\\/2020\\\/09\\\/judge-1587300_1920.jpg\"},{\"@type\":\"BreadcrumbList\",\"@id\":\"https:\\\/\\\/www.alpilles-avocats.com\\\/fr_fr\\\/nos-competences\\\/ventes-aux-encheres\\\/#breadcrumb\",\"itemListElement\":[{\"@type\":\"ListItem\",\"position\":1,\"name\":\"Accueil\",\"item\":\"https:\\\/\\\/www.alpilles-avocats.com\\\/\"},{\"@type\":\"ListItem\",\"position\":2,\"name\":\"Nos Comp\u00e9tences\",\"item\":\"https:\\\/\\\/www.alpilles-avocats.com\\\/fr_fr\\\/nos-competences\\\/\"},{\"@type\":\"ListItem\",\"position\":3,\"name\":\"VENTES AUX ENCHERES\"}]},{\"@type\":\"WebSite\",\"@id\":\"https:\\\/\\\/www.alpilles-avocats.com\\\/fr_fr\\\/#website\",\"url\":\"https:\\\/\\\/www.alpilles-avocats.com\\\/fr_fr\\\/\",\"name\":\"Alpilles Avocats\",\"description\":\"avocats \u00e0 Saint R\u00e9my de Provence\",\"publisher\":{\"@id\":\"https:\\\/\\\/www.alpilles-avocats.com\\\/fr_fr\\\/#organization\"},\"potentialAction\":[{\"@type\":\"SearchAction\",\"target\":{\"@type\":\"EntryPoint\",\"urlTemplate\":\"https:\\\/\\\/www.alpilles-avocats.com\\\/fr_fr\\\/?s={search_term_string}\"},\"query-input\":{\"@type\":\"PropertyValueSpecification\",\"valueRequired\":true,\"valueName\":\"search_term_string\"}}],\"inLanguage\":\"fr-FR\"},{\"@type\":\"Organization\",\"@id\":\"https:\\\/\\\/www.alpilles-avocats.com\\\/fr_fr\\\/#organization\",\"name\":\"Alpilles Avocats\",\"url\":\"https:\\\/\\\/www.alpilles-avocats.com\\\/fr_fr\\\/\",\"logo\":{\"@type\":\"ImageObject\",\"inLanguage\":\"fr-FR\",\"@id\":\"https:\\\/\\\/www.alpilles-avocats.com\\\/fr_fr\\\/#\\\/schema\\\/logo\\\/image\\\/\",\"url\":\"https:\\\/\\\/www.alpilles-avocats.com\\\/wp-content\\\/uploads\\\/2023\\\/01\\\/cropped-Logo_long_new-transparent-1.png\",\"contentUrl\":\"https:\\\/\\\/www.alpilles-avocats.com\\\/wp-content\\\/uploads\\\/2023\\\/01\\\/cropped-Logo_long_new-transparent-1.png\",\"width\":\"856\",\"height\":\"245\",\"caption\":\"Alpilles Avocats\"},\"image\":{\"@id\":\"https:\\\/\\\/www.alpilles-avocats.com\\\/fr_fr\\\/#\\\/schema\\\/logo\\\/image\\\/\"}}]}<\/script>\n<!-- \/ Yoast SEO plugin. -->","yoast_head_json":{"title":"VENTES AUX ENCHERES - Alpilles Avocats","robots":{"index":"index","follow":"follow","max-snippet":"max-snippet:-1","max-image-preview":"max-image-preview:large","max-video-preview":"max-video-preview:-1"},"canonical":"https:\/\/www.alpilles-avocats.com\/fr_fr\/nos-competences\/ventes-aux-encheres\/","og_locale":"fr_FR","og_type":"article","og_title":"VENTES AUX ENCHERES - Alpilles Avocats","og_description":"VENTES AUX ENCHERES Toute personne qui d\u00e9sire acheter un bien immobilier \u00e0 la barre d\u2019un Tribunal doit prendre contact avec un Avocat afin de le repr\u00e9senter lors de l\u2019audience d\u2019adjudication. En effet, le concours d\u2019un avocat inscrit au Barreau du Tribunal est n\u00e9cessaire pour pouvoir ench\u00e9rir, et le cas \u00e9ch\u00e9ant, se porter acqu\u00e9reur d\u2019un bien [&hellip;]","og_url":"https:\/\/www.alpilles-avocats.com\/fr_fr\/nos-competences\/ventes-aux-encheres\/","og_site_name":"Alpilles Avocats","article_modified_time":"2020-09-28T13:16:53+00:00","og_image":[{"url":"https:\/\/www.alpilles-avocats.com\/wp-content\/uploads\/2020\/09\/judge-1587300_1920.jpg","type":"","width":"","height":""}],"twitter_card":"summary_large_image","twitter_misc":{"Dur\u00e9e de lecture estim\u00e9e":"1 minute"},"schema":{"@context":"https:\/\/schema.org","@graph":[{"@type":"WebPage","@id":"https:\/\/www.alpilles-avocats.com\/fr_fr\/nos-competences\/ventes-aux-encheres\/","url":"https:\/\/www.alpilles-avocats.com\/fr_fr\/nos-competences\/ventes-aux-encheres\/","name":"VENTES AUX ENCHERES - Alpilles Avocats","isPartOf":{"@id":"https:\/\/www.alpilles-avocats.com\/fr_fr\/#website"},"primaryImageOfPage":{"@id":"https:\/\/www.alpilles-avocats.com\/fr_fr\/nos-competences\/ventes-aux-encheres\/#primaryimage"},"image":{"@id":"https:\/\/www.alpilles-avocats.com\/fr_fr\/nos-competences\/ventes-aux-encheres\/#primaryimage"},"thumbnailUrl":"https:\/\/www.alpilles-avocats.com\/wp-content\/uploads\/2020\/09\/judge-1587300_1920.jpg","datePublished":"2020-09-03T20:28:37+00:00","dateModified":"2020-09-28T13:16:53+00:00","breadcrumb":{"@id":"https:\/\/www.alpilles-avocats.com\/fr_fr\/nos-competences\/ventes-aux-encheres\/#breadcrumb"},"inLanguage":"fr-FR","potentialAction":[{"@type":"ReadAction","target":["https:\/\/www.alpilles-avocats.com\/fr_fr\/nos-competences\/ventes-aux-encheres\/"]}]},{"@type":"ImageObject","inLanguage":"fr-FR","@id":"https:\/\/www.alpilles-avocats.com\/fr_fr\/nos-competences\/ventes-aux-encheres\/#primaryimage","url":"https:\/\/www.alpilles-avocats.com\/wp-content\/uploads\/2020\/09\/judge-1587300_1920.jpg","contentUrl":"https:\/\/www.alpilles-avocats.com\/wp-content\/uploads\/2020\/09\/judge-1587300_1920.jpg"},{"@type":"BreadcrumbList","@id":"https:\/\/www.alpilles-avocats.com\/fr_fr\/nos-competences\/ventes-aux-encheres\/#breadcrumb","itemListElement":[{"@type":"ListItem","position":1,"name":"Accueil","item":"https:\/\/www.alpilles-avocats.com\/"},{"@type":"ListItem","position":2,"name":"Nos Comp\u00e9tences","item":"https:\/\/www.alpilles-avocats.com\/fr_fr\/nos-competences\/"},{"@type":"ListItem","position":3,"name":"VENTES AUX ENCHERES"}]},{"@type":"WebSite","@id":"https:\/\/www.alpilles-avocats.com\/fr_fr\/#website","url":"https:\/\/www.alpilles-avocats.com\/fr_fr\/","name":"Alpilles Avocats","description":"avocats \u00e0 Saint R\u00e9my de Provence","publisher":{"@id":"https:\/\/www.alpilles-avocats.com\/fr_fr\/#organization"},"potentialAction":[{"@type":"SearchAction","target":{"@type":"EntryPoint","urlTemplate":"https:\/\/www.alpilles-avocats.com\/fr_fr\/?s={search_term_string}"},"query-input":{"@type":"PropertyValueSpecification","valueRequired":true,"valueName":"search_term_string"}}],"inLanguage":"fr-FR"},{"@type":"Organization","@id":"https:\/\/www.alpilles-avocats.com\/fr_fr\/#organization","name":"Alpilles Avocats","url":"https:\/\/www.alpilles-avocats.com\/fr_fr\/","logo":{"@type":"ImageObject","inLanguage":"fr-FR","@id":"https:\/\/www.alpilles-avocats.com\/fr_fr\/#\/schema\/logo\/image\/","url":"https:\/\/www.alpilles-avocats.com\/wp-content\/uploads\/2023\/01\/cropped-Logo_long_new-transparent-1.png","contentUrl":"https:\/\/www.alpilles-avocats.com\/wp-content\/uploads\/2023\/01\/cropped-Logo_long_new-transparent-1.png","width":"856","height":"245","caption":"Alpilles Avocats"},"image":{"@id":"https:\/\/www.alpilles-avocats.com\/fr_fr\/#\/schema\/logo\/image\/"}}]}},"_links":{"self":[{"href":"https:\/\/www.alpilles-avocats.com\/fr_fr\/wp-json\/wp\/v2\/pages\/933","targetHints":{"allow":["GET"]}}],"collection":[{"href":"https:\/\/www.alpilles-avocats.com\/fr_fr\/wp-json\/wp\/v2\/pages"}],"about":[{"href":"https:\/\/www.alpilles-avocats.com\/fr_fr\/wp-json\/wp\/v2\/types\/page"}],"author":[{"embeddable":true,"href":"https:\/\/www.alpilles-avocats.com\/fr_fr\/wp-json\/wp\/v2\/users\/1"}],"replies":[{"embeddable":true,"href":"https:\/\/www.alpilles-avocats.com\/fr_fr\/wp-json\/wp\/v2\/comments?post=933"}],"version-history":[{"count":0,"href":"https:\/\/www.alpilles-avocats.com\/fr_fr\/wp-json\/wp\/v2\/pages\/933\/revisions"}],"up":[{"embeddable":true,"href":"https:\/\/www.alpilles-avocats.com\/fr_fr\/wp-json\/wp\/v2\/pages\/52"}],"wp:attachment":[{"href":"https:\/\/www.alpilles-avocats.com\/fr_fr\/wp-json\/wp\/v2\/media?parent=933"}],"wp:term":[{"taxonomy":"category","embeddable":true,"href":"https:\/\/www.alpilles-avocats.com\/fr_fr\/wp-json\/wp\/v2\/categories?post=933"},{"taxonomy":"post_tag","embeddable":true,"href":"https:\/\/www.alpilles-avocats.com\/fr_fr\/wp-json\/wp\/v2\/tags?post=933"},{"taxonomy":"folder","embeddable":true,"href":"https:\/\/www.alpilles-avocats.com\/fr_fr\/wp-json\/wp\/v2\/folder?post=933"}],"curies":[{"name":"wp","href":"https:\/\/api.w.org\/{rel}","templated":true}]}}